{"id":21048,"date":"2019-04-03T12:03:26","date_gmt":"2019-04-03T12:03:26","guid":{"rendered":"http:\/\/www.budbilen.no\/?page_id=21048"},"modified":"2026-01-08T07:18:16","modified_gmt":"2026-01-08T07:18:16","slug":"21048-2","status":"publish","type":"page","link":"https:\/\/www.budbilen.no\/","title":{"rendered":"Hjem"},"content":{"rendered":"<div class=\"wpb-content-wrapper\"><section data-vc-full-width=\"true\" data-vc-full-width-init=\"false\" data-vc-stretch-content=\"true\" class=\"vc_row wpb_row vc_row-fluid  vc_custom_1514959554872 pofo-stretch-content vc_row-no-padding\"><div class=\"wpb_column vc_column_container vc_col-sm-12  col-xs-mobile-fullwidth\"><div class=\"vc_column-inner \"><div class=\"wpb_wrapper\"><div id=\"pofo-image-slider-1\" class=\"swiper-container height-100 width-100 pofo-image-style8 pofo-image-slider-1  white-move pofo-slider8 pofo-slider8-1\" data-slider-options=\"{&quot;keyboard&quot;:true,&quot;slidesPerView&quot;:1,&quot;loop&quot;:true,&quot;autoplay&quot;:false,&quot;pagination&quot;:{&quot;el&quot;:&quot;.swiper-pagination-1&quot;,&quot;type&quot;:&quot;bullets&quot;}}\"><div class=\"swiper-wrapper\"><div class=\"swiper-slide cover-background bg-image-srcset\" style=\"background-image:url(https:\/\/www.budbilen.no\/wp-content\/uploads\/2022\/01\/img_2701-scaled.jpeg)\" data-bg-srcset=\"https:\/\/www.budbilen.no\/wp-content\/uploads\/2022\/01\/img_2701-scaled.jpeg 2560w, https:\/\/www.budbilen.no\/wp-content\/uploads\/2022\/01\/img_2701-300x225.jpeg 300w, https:\/\/www.budbilen.no\/wp-content\/uploads\/2022\/01\/img_2701-1024x768.jpeg 1024w, https:\/\/www.budbilen.no\/wp-content\/uploads\/2022\/01\/img_2701-768x576.jpeg 768w, https:\/\/www.budbilen.no\/wp-content\/uploads\/2022\/01\/img_2701-1536x1152.jpeg 1536w, https:\/\/www.budbilen.no\/wp-content\/uploads\/2022\/01\/img_2701-2048x1536.jpeg 2048w, https:\/\/www.budbilen.no\/wp-content\/uploads\/2022\/01\/img_2701-1028x771.jpeg 1028w, https:\/\/www.budbilen.no\/wp-content\/uploads\/2022\/01\/img_2701-81x61.jpeg 81w\"><div class=\"bg-black bg-overlay\" style=\"opacity:0.5; \"><\/div><div class=\"container position-relative full-screen\"><div class=\"slider-typography text-center\"><div class=\"slider-text-middle-main\"><div class=\"slider-text-middle\"><div class=\"alt-font text-very-light-gray letter-spacing-1 padding-ten-lr margin-three-bottom last-paragraph-no-margin\" style=\"font-size: 30px;\" data-fontsize=\"30px\"><p>Din Budbil<\/p>\n<\/div><div class=\"alt-font text-white font-weight-600 letter-spacing-minus-1 margin-three-bottom center-col sm-margin-four-bottom xs-margin-five-bottom xs-letter-spacing-0 word-wrap width-60 md-width-80 xs-width-90 title-medium\" style=\"font-size: 40px;\" data-fontsize=\"40px\">Telefon 22 700 500 - 902 06 000 <\/div><div class=\"btn-dual\"><a class=\"btn btn-transparent-white btn-medium xs-margin-two-all border-radius-4 first-btn\" href=\"https:\/\/weborder.frakt24.no\/sbas\" target=\"_blank\">Bestill budbil<\/a><\/div><\/div><\/div><\/div><\/div><\/div><\/div><div class=\"swiper-pagination  swiper-pagination-white swiper-pagination-1\"><\/div><\/div><\/div><\/div><\/div><\/section><div class=\"vc_row-full-width vc_clearfix\"><\/div><section id=\"tjenester\" class=\"vc_row wpb_row vc_row-fluid   wow fadeIn\"><div class=\"wpb_column vc_column_container vc_col-sm-12  col-xs-mobile-fullwidth\"><div class=\"vc_column-inner \"><div class=\"wpb_wrapper\"><div class=\"vc_row wpb_row vc_inner vc_row-fluid\"><div class=\"wpb_column vc_column_container vc_col-lg-2 vc_col-md-2 vc_hidden-sm col-xs-mobile-fullwidth\"><div class=\"vc_column-inner \"><div class=\"wpb_wrapper\"><\/div><\/div><\/div><div class=\"wpb_column vc_column_container vc_col-lg-8 vc_col-md-8 col-xs-mobile-fullwidth text-center\"><div class=\"vc_column-inner vc_custom_1506939480316\"><div class=\"wpb_wrapper\"><h5 class=\"text-extra-dark-gray margin-20px-bottom font-weight-600 display-inline-block alt-font heading-style2  heading-1\"  style=\"font-weight: 600;\">Tjenester<\/h5><div class=\" vc_custom_1554298245168 last-paragraph-no-margin pofo-text-block-responsive-69e6ce516f587\" style=\"width: 100%;\"><p>Her er noen av v\u00e5re tjenester.<\/p>\n<\/div><\/div><\/div><\/div><div class=\"wpb_column vc_column_container vc_col-lg-2 vc_col-md-2 vc_hidden-sm col-xs-mobile-fullwidth\"><div class=\"vc_column-inner \"><div class=\"wpb_wrapper\"><\/div><\/div><\/div><\/div><div class=\"vc_row wpb_row vc_inner vc_row-fluid   vc_row-o-equal-height vc_row-flex wow fadeIn\"><div class=\"wpb_column vc_column_container vc_col-sm-2 vc_col-md-3 vc_col-xs-12 wow fadeInUp text-center pofo-column-responsive-69e6ce516f648\"><div class=\"vc_column-inner \"><div class=\"wpb_wrapper\"><div class=\"featurebox8 pofo-featurebox  vc_custom_1767856355258 position-relative overflow-hidden z-index-5 padding-twelve-all md-padding-six-all xs-padding-15px-lr featurebox8-1\" ><div class=\"display-inline-block margin-20px-bottom\"><i class=\"link-icon fas fa-car icon-medium text-white icon-round-small bg-deep-pink margin-25px-bottom margin-25px-top sm-margin-20px-bottom xs-margin-15px-bottom\" style=\"background-color:#cc2828; \"><\/i><\/div><div class=\"alt-font text-extra-dark-gray font-weight-600 margin-10px-bottom sm-margin-5px-bottom\">BUDBIL<\/div><div class=\"center-col last-paragraph-no-margin width-75\"><p>Levering innen Oslo 1-12 inntil 30 kg.<br \/>\nHentet og levert innen 3 timer.<br \/>\nPris kr. 140,- pr. levering.<\/p>\n<p>Eventuell bomring tilkommer.<\/p>\n<\/div><\/div><\/div><\/div><\/div><div class=\"wpb_column vc_column_container vc_col-sm-2  col-xs-mobile-fullwidth\"><div class=\"vc_column-inner \"><div class=\"wpb_wrapper\"><div class=\"featurebox8 pofo-featurebox  vc_custom_1767856697013 position-relative overflow-hidden z-index-5 padding-twelve-all md-padding-six-all xs-padding-15px-lr featurebox8-2\" ><div class=\"display-inline-block margin-20px-bottom\"><i class=\"link-icon fas fa-box-open icon-medium text-white icon-round-small bg-deep-pink margin-25px-bottom margin-25px-top sm-margin-20px-bottom xs-margin-15px-bottom\" style=\"background-color:#cc2828; \"><\/i><\/div><div class=\"alt-font text-extra-dark-gray font-weight-600 margin-10px-bottom sm-margin-5px-bottom\">VAREBIL<\/div><div class=\"center-col last-paragraph-no-margin width-75\"><p>Kj\u00f8ring av kolli 31 &#8211; 60 kg innen Oslo 1-12.<br \/>\nHentet og levert innen 3 timer.<br \/>\nPris kr. 220,- pr. levering.<\/p>\n<p>Eventuell bomring tilkommer.<\/p>\n<\/div><\/div><\/div><\/div><\/div><div class=\"wpb_column vc_column_container vc_col-sm-2  col-xs-mobile-fullwidth\"><div class=\"vc_column-inner \"><div class=\"wpb_wrapper\"><div class=\"featurebox8 pofo-featurebox  vc_custom_1767856363517 position-relative overflow-hidden z-index-5 padding-twelve-all md-padding-six-all xs-padding-15px-lr featurebox8-3\" ><div class=\"display-inline-block margin-20px-bottom\"><i class=\"link-icon fas fa-car-side icon-medium text-white icon-round-small bg-deep-pink margin-25px-bottom margin-25px-top sm-margin-20px-bottom xs-margin-15px-bottom\" style=\"background-color:#cc2828; \"><\/i><\/div><div class=\"alt-font text-extra-dark-gray font-weight-600 margin-10px-bottom sm-margin-5px-bottom\">VIPBIL<\/div><div class=\"center-col last-paragraph-no-margin width-75\"><p>Levering innen Oslo 1-12 inntil 30 kg. Hentet og levert innen 1 timer. Pris kr. 320,- pr. levering. Eventuell bomring tilkommer.<\/p>\n<\/div><\/div><\/div><\/div><\/div><div class=\"wpb_column vc_column_container vc_col-sm-2  col-xs-mobile-fullwidth\"><div class=\"vc_column-inner \"><div class=\"wpb_wrapper\"><div class=\"featurebox8 pofo-featurebox  vc_custom_1767856372553 position-relative overflow-hidden z-index-5 padding-twelve-all md-padding-six-all xs-padding-15px-lr featurebox8-4\" ><div class=\"display-inline-block margin-20px-bottom\"><i class=\"link-icon fas fa-bus icon-medium text-white icon-round-small bg-deep-pink margin-25px-bottom margin-25px-top sm-margin-20px-bottom xs-margin-15px-bottom\" style=\"background-color:#cc2828; \"><\/i><\/div><div class=\"alt-font text-extra-dark-gray font-weight-600 margin-10px-bottom sm-margin-5px-bottom\">LITEN LASTEBIL<\/div><div class=\"center-col last-paragraph-no-margin width-75\"><p>Lastebil med l\u00f8ftelem inntil 650 kg.<br \/>\nFaktureres med kr. 580,- pr. p\u00e5begynte time.<\/p>\n<p>Eventuell bomring tilkommer.<\/p>\n<\/div><\/div><\/div><\/div><\/div><div class=\"wpb_column vc_column_container vc_col-sm-2  col-xs-mobile-fullwidth\"><div class=\"vc_column-inner \"><div class=\"wpb_wrapper\"><div class=\"featurebox8 pofo-featurebox  vc_custom_1767856383236 position-relative overflow-hidden z-index-5 padding-twelve-all md-padding-six-all xs-padding-15px-lr featurebox8-5\" ><div class=\"display-inline-block margin-20px-bottom\"><i class=\"link-icon fas fa-truck-moving icon-medium text-white icon-round-small bg-deep-pink margin-25px-bottom margin-25px-top sm-margin-20px-bottom xs-margin-15px-bottom\" style=\"background-color:#cc2828; \"><\/i><\/div><div class=\"alt-font text-extra-dark-gray font-weight-600 margin-10px-bottom sm-margin-5px-bottom\">STOR LASTEBIL<\/div><div class=\"center-col last-paragraph-no-margin width-75\"><p>Kj\u00f8ring av paller og st\u00f8rre leveranser (klasse 2).<br \/>\nFaktureres med kr. 790,- pr. p\u00e5begynte time.<\/p>\n<p>Eventuell bomring tilkommer.<\/p>\n<\/div><\/div><\/div><\/div><\/div><div class=\"wpb_column vc_column_container vc_col-sm-2  col-xs-mobile-fullwidth\"><div class=\"vc_column-inner \"><div class=\"wpb_wrapper\"><\/div><\/div><\/div><\/div><div class=\"last-paragraph-no-margin\"><p>VENTING<br \/>\nVenting som ikke skyldes Speedy Budbilen belastes med kr. 75,- pr. p\u00e5begynte 10. minutt.<\/p>\n<p>LESSING\/LOSSING<br \/>\nLessing\/lossing belastes med kr. 75,- pr. p\u00e5begynte 10. minutt. Alle priser er eks. mva.<\/p>\n<p>ANSVARSBETINGELSER<br \/>\nAlle oppdrag utf\u00f8res i.h.t Nordisk Spedit\u00f8rforbunds bestemmelser (NSAB 2015).<br \/>\nDet anbefales \u00e5 tegne egen transportforsikring.<\/p>\n<p>BETALINGSBETINGELSER<br \/>\nSpeedy Budbilen AS fakturerer hver 15. dag, med 10. dagers betalingsfrist.<br \/>\nEtter forfall beregnes morarente med 1,5 % pr. m\u00e5ned.<\/p>\n<\/div><\/div><\/div><\/div><\/section><section id=\"kontakt\" class=\"vc_row wpb_row vc_row-fluid\"><div class=\"wpb_column vc_column_container vc_col-sm-6  col-xs-mobile-fullwidth\"><div class=\"vc_column-inner \"><div class=\"wpb_wrapper\"><span class=\"text-extra-dark-gray margin-20px-bottom font-weight-600 display-inline-block alt-font heading-style2  heading-2\" >Kontaktskjema<\/span><style id=\"wpforms-css-vars-21092\">\n\t\t\t\t#wpforms-21092 {\n\t\t\t\t\n\t\t\t}\n\t\t\t<\/style><div class=\"wpforms-container wpforms-container-full wpforms-render-modern\" id=\"wpforms-21092\"><form id=\"wpforms-form-21092\" class=\"wpforms-validate wpforms-form wpforms-ajax-form\" data-formid=\"21092\" method=\"post\" enctype=\"multipart\/form-data\" action=\"\/index.php?rest_route=%2Fwp%2Fv2%2Fpages%2F21048\" data-token=\"2b36c3eaf5a9e0fe89fd9295c79c7ed9\" data-token-time=\"1776733777\"><noscript class=\"wpforms-error-noscript\">Please enable JavaScript in your browser to complete this form.<\/noscript><div id=\"wpforms-error-noscript\" style=\"display: none;\">Please enable JavaScript in your browser to complete this form.<\/div><div class=\"wpforms-field-container\"><div id=\"wpforms-21092-field_1-container\" class=\"wpforms-field wpforms-field-name\" data-field-id=\"1\"><label class=\"wpforms-field-label\" for=\"wpforms-21092-field_1\">Ditt navn <span class=\"wpforms-required-label\" aria-hidden=\"true\">*<\/span><\/label><input type=\"text\" id=\"wpforms-21092-field_1\" class=\"wpforms-field-medium wpforms-field-required\" name=\"wpforms[fields][1]\" aria-errormessage=\"wpforms-21092-field_1-error\" required><\/div><div id=\"wpforms-21092-field_2-container\" class=\"wpforms-field wpforms-field-email\" data-field-id=\"2\"><label class=\"wpforms-field-label\" for=\"wpforms-21092-field_2\">E-postadresse <span class=\"wpforms-required-label\" aria-hidden=\"true\">*<\/span><\/label><input type=\"email\" id=\"wpforms-21092-field_2\" class=\"wpforms-field-medium wpforms-field-required\" name=\"wpforms[fields][2]\" spellcheck=\"false\" aria-errormessage=\"wpforms-21092-field_2-error\" required><\/div><div id=\"wpforms-21092-field_3-container\" class=\"wpforms-field wpforms-field-text\" data-field-id=\"3\"><label class=\"wpforms-field-label\" for=\"wpforms-21092-field_3\">Telefonnummer<\/label><input type=\"text\" id=\"wpforms-21092-field_3\" class=\"wpforms-field-medium\" name=\"wpforms[fields][3]\" aria-errormessage=\"wpforms-21092-field_3-error\" ><\/div>\t\t<div id=\"wpforms-21092-field_5-container\"\n\t\t\tclass=\"wpforms-field wpforms-field-text\"\n\t\t\tdata-field-type=\"text\"\n\t\t\tdata-field-id=\"5\"\n\t\t\t>\n\t\t\t<label class=\"wpforms-field-label\" for=\"wpforms-21092-field_5\" >E-postadresse navn melding<\/label>\n\t\t\t<input type=\"text\" id=\"wpforms-21092-field_5\" class=\"wpforms-field-medium\" name=\"wpforms[fields][5]\" >\n\t\t<\/div>\n\t\t<div id=\"wpforms-21092-field_4-container\" class=\"wpforms-field wpforms-field-textarea\" data-field-id=\"4\"><label class=\"wpforms-field-label\" for=\"wpforms-21092-field_4\">Din melding<\/label><textarea id=\"wpforms-21092-field_4\" class=\"wpforms-field-medium\" name=\"wpforms[fields][4]\" placeholder=\"Hva lurer du p\u00e5?\" aria-errormessage=\"wpforms-21092-field_4-error\" ><\/textarea><\/div><script>\n\t\t\t\t( function() {\n\t\t\t\t\tconst style = document.createElement( 'style' );\n\t\t\t\t\tstyle.appendChild( document.createTextNode( '#wpforms-21092-field_5-container { position: absolute !important; overflow: hidden !important; display: inline !important; height: 1px !important; width: 1px !important; z-index: -1000 !important; padding: 0 !important; } #wpforms-21092-field_5-container input { visibility: hidden; } #wpforms-conversational-form-page #wpforms-21092-field_5-container label { counter-increment: none; }' ) );\n\t\t\t\t\tdocument.head.appendChild( style );\n\t\t\t\t\tdocument.currentScript?.remove();\n\t\t\t\t} )();\n\t\t\t<\/script><\/div><!-- .wpforms-field-container --><div class=\"wpforms-recaptcha-container wpforms-is-recaptcha wpforms-is-recaptcha-type-v3\" ><input type=\"hidden\" name=\"wpforms[recaptcha]\" value=\"\"><\/div><div class=\"wpforms-submit-container\" ><input type=\"hidden\" name=\"wpforms[id]\" value=\"21092\"><input type=\"hidden\" name=\"page_title\" value=\"\"><input type=\"hidden\" name=\"page_url\" value=\"https:\/\/www.budbilen.no\/index.php?rest_route=\/wp\/v2\/pages\/21048\"><input type=\"hidden\" name=\"url_referer\" value=\"\"><button type=\"submit\" name=\"wpforms[submit]\" id=\"wpforms-submit-21092\" class=\"wpforms-submit\" data-alt-text=\"Sender...\" data-submit-text=\"Send\" aria-live=\"assertive\" value=\"wpforms-submit\">Send<\/button><img loading=\"lazy\" decoding=\"async\" src=\"https:\/\/www.budbilen.no\/wp-content\/plugins\/wpforms-lite\/assets\/images\/submit-spin.svg\" class=\"wpforms-submit-spinner\" style=\"display: none;\" width=\"26\" height=\"26\" alt=\"Loading\"><\/div><\/form><\/div>  <!-- .wpforms-container --><\/div><\/div><\/div><div class=\"wpb_column vc_column_container vc_col-sm-6  col-xs-mobile-fullwidth\"><div class=\"vc_column-inner \"><div class=\"wpb_wrapper\"><span class=\"text-extra-dark-gray margin-20px-bottom font-weight-600 display-inline-block alt-font heading-style2  heading-3\" >Kontakt oss<\/span><div class=\"last-paragraph-no-margin\"><p>Speedy Budbilen AS ble etablert i 1985 og best\u00e5r i dag av en profesjonell stab med bred erfaring.<br \/>\nMed presisjon og oppf\u00f8lging s\u00f8rger vi for at varene kommer frem p\u00e5 rett sted til rett tid.<\/p>\n<p>Vi transporterer alt fra sm\u00e5 brev til store paller og utf\u00f8rer gjerne st\u00f8rre transportprosjekter.<br \/>\nVi utf\u00f8rer \u00e5rlig ca. 100.000 transportoppdrag.<\/p>\n<p>Ring oss for en samtale om dine transportbehov, og vi gj\u00f8r v\u00e5rt beste for \u00e5 tilfredsstille nettopp dine behov.<br \/>\nRing oss p\u00e5 telefon 22 700 500 &#8211; 902 06 000 mandag \u2013 fredag kl. 07.00 \u2013 17.00 eller v\u00e5r d\u00f8gn\u00e5pne vakttelefon p\u00e5 samme nummer.<\/p>\n<p>SPEEDY BUDBILEN AS<br \/>\nBrobekkveien 102 B<br \/>\n0582 Oslo<\/p>\n<p>BETAL FOR EFFEKTIV BENYTTET TID \u2013 FRA AVSENDER TIL MOTTAKER.<\/p>\n<\/div><\/div><\/div><\/div><\/section><section class=\"vc_row wpb_row vc_row-fluid\"><div class=\"wpb_column vc_column_container vc_col-sm-12  col-xs-mobile-fullwidth\"><div class=\"vc_column-inner \"><div class=\"wpb_wrapper\"><\/div><\/div><\/div><\/section>\n<\/div>","protected":false},"excerpt":{"rendered":"Din Budbil Telefon 22 700 500 - 902 06 000 Bestill budbilTjenesterHer er noen av v\u00e5re tjenester. BUDBILLevering innen Oslo 1-12 inntil 30 kg. Hentet og levert innen 3 timer. Pris kr. 140,- pr. levering. Eventuell bomring tilkommer. VAREBILKj\u00f8ring av kolli 31 - 60 kg innen Oslo 1-12. Hentet og levert innen 3 timer. Pris kr. 220,- pr. levering. Eventuell bomring tilkommer. VIPBILLevering innen Oslo 1-12 inntil 30 kg. Hentet og levert innen 1 timer. Pris kr. 320,- pr. levering. Eventuell bomring tilkommer. LITEN LASTEBILLastebil med l\u00f8ftelem inntil 650 kg. Faktureres med kr. 580,- pr. p\u00e5begynte time. Eventuell bomring tilkommer. STOR LASTEBILKj\u00f8ring av paller og st\u00f8rre leveranser (klasse 2). Faktureres med kr. 790,- pr. p\u00e5begynte time. Eventuell bomring tilkommer. VENTING Venting som ikke skyldes Speedy Budbilen belastes med kr. 75,- pr. p\u00e5begynte 10. minutt. LESSING\/LOSSING Lessing\/lossing belastes med kr. 75,- pr. p\u00e5begynte 10. minutt. Alle priser er eks. mva. ANSVARSBETINGELSER Alle oppdrag utf\u00f8res i.h.t Nordisk Spedit\u00f8rforbunds bestemmelser (NSAB 2015). Det anbefales \u00e5 tegne egen transportforsikring. BETALINGSBETINGELSER Speedy Budbilen AS fakturerer hver 15. dag, med 10. dagers betalingsfrist. Etter forfall beregnes morarente med 1,5 % pr. m\u00e5ned. KontaktskjemaPlease enable JavaScript in your browser to complete this form.Please enable JavaScript in your...","protected":false},"author":2,"featured_media":0,"parent":0,"menu_order":0,"comment_status":"closed","ping_status":"closed","template":"","meta":{"footnotes":""},"class_list":["post-21048","page","type-page","status-publish","hentry"],"_links":{"self":[{"href":"https:\/\/www.budbilen.no\/index.php?rest_route=\/wp\/v2\/pages\/21048","targetHints":{"allow":["GET"]}}],"collection":[{"href":"https:\/\/www.budbilen.no\/index.php?rest_route=\/wp\/v2\/pages"}],"about":[{"href":"https:\/\/www.budbilen.no\/index.php?rest_route=\/wp\/v2\/types\/page"}],"author":[{"embeddable":true,"href":"https:\/\/www.budbilen.no\/index.php?rest_route=\/wp\/v2\/users\/2"}],"replies":[{"embeddable":true,"href":"https:\/\/www.budbilen.no\/index.php?rest_route=%2Fwp%2Fv2%2Fcomments&post=21048"}],"version-history":[{"count":6,"href":"https:\/\/www.budbilen.no\/index.php?rest_route=\/wp\/v2\/pages\/21048\/revisions"}],"predecessor-version":[{"id":21110,"href":"https:\/\/www.budbilen.no\/index.php?rest_route=\/wp\/v2\/pages\/21048\/revisions\/21110"}],"wp:attachment":[{"href":"https:\/\/www.budbilen.no\/index.php?rest_route=%2Fwp%2Fv2%2Fmedia&parent=21048"}],"curies":[{"name":"wp","href":"https:\/\/api.w.org\/{rel}","templated":true}]}}